{"id":320,"date":"2013-05-19T21:13:44","date_gmt":"2013-05-19T19:13:44","guid":{"rendered":"https:\/\/www.familie-papp.de\/reisen\/?page_id=320"},"modified":"2022-03-02T20:00:20","modified_gmt":"2022-03-02T18:00:20","slug":"startseite","status":"publish","type":"page","link":"https:\/\/www.familie-papp.de\/reisen\/","title":{"rendered":"Startseite"},"content":{"rendered":"<p>Auf dieser Webseite findest du pers\u00f6nliche <a title=\"Reiseberichte\" href=\"https:\/\/www.familie-papp.de\/reisen\/uebersicht-reiseberichte\/\">Reiseberichte<\/a> unserer <a title=\"Reiseberichte aus Afrika\" href=\"https:\/\/www.familie-papp.de\/reisen\/uebersicht-reiseberichte\/reiseberichte-aus-afrika\/\">Afrika<\/a>,&nbsp;<a title=\"Reiseberichte aus Amerika\" href=\"https:\/\/www.familie-papp.de\/reisen\/reiseberichte\/amerika\/\">Amerika<\/a> und <a title=\"Reiseberichte aus Europa\" href=\"https:\/\/www.familie-papp.de\/reisen\/reiseberichte\/europa\/\">Europa<\/a> Reisen. Schreib uns Deine Meinung und Erfahrungen.<\/p>\n<table dir=\"ltr\" frame=\"void\" rules=\"none\" border=\"0\" align=\"center\">\n<tbody>\n<tr>\n<td style=\"text-align: center;\" colspan=\"5\">\n<h3 style=\"text-align: left;\">Amerika<\/h3>\n<\/td>\n<\/tr>\n<tr>\n<td style=\"text-align: center;\"><strong>2011 USA Ostk\u00fcste<\/strong><\/td>\n<td style=\"text-align: center;\" rowspan=\"5\">&nbsp;<\/td>\n<td style=\"text-align: center;\"><strong>2012 USA Westk\u00fcste<\/strong><\/td>\n<td style=\"text-align: center;\" rowspan=\"5\">&nbsp;<\/td>\n<td style=\"text-align: center;\"><strong>2014 USA Florida<\/strong><\/td>\n<\/tr>\n<tr>\n<td><a href=\"https:\/\/www.familie-papp.de\/reisen\/reiseberichte\/amerika\/2011-usa-ostkueste\/\"><img loading=\"lazy\" decoding=\"async\" class=\"aligncenter\" src=\"https:\/\/www.familie-papp.de\/reisen\/wp-content\/uploads\/2013\/05\/2011-USA-Ost-Beitragsbild.jpg\" alt=\"2011-USA-Ost-Beitragsbild\" width=\"150\" height=\"150\"><\/a><\/td>\n<td><a href=\"https:\/\/www.familie-papp.de\/reisen\/reiseberichte\/amerika\/2012-usa-westkueste\/\"><img loading=\"lazy\" decoding=\"async\" class=\"aligncenter\" title=\"2012 USA West\" src=\"https:\/\/www.familie-papp.de\/reisen\/wp-content\/uploads\/2013\/05\/2012-USA-West-Beitragsbild.jpg\" alt=\"2012 USA West\" width=\"150\" height=\"150\"><\/a><\/td>\n<td><a href=\"https:\/\/www.familie-papp.de\/reisen\/reiseberichte\/amerika\/2014-usa-florida\/\"><img loading=\"lazy\" decoding=\"async\" class=\"aligncenter\" src=\"https:\/\/www.familie-papp.de\/reisen\/wp-content\/uploads\/2014\/07\/2014-orlando-magic-kingdom-033-150x150.jpg\" alt=\"\" width=\"150\" height=\"150\"><\/a><\/td>\n<\/tr>\n<tr>\n<td style=\"text-align: center;\"><a title=\"2011 USA Ost \u2013 \u00dcbersicht \u00fcber den Reiseverlauf\" href=\"https:\/\/www.familie-papp.de\/reisen\/reiseberichte\/amerika\/2011-usa-ostkueste\/2011-usa-ost-uebersicht-reiseverlauf\/\">Reiseverlauf<\/a><\/td>\n<td style=\"text-align: center;\"><a title=\"2012 USA West \u2013 \u00dcbersicht \u00fcber den Reiseverlauf\" href=\"https:\/\/www.familie-papp.de\/reisen\/reiseberichte\/amerika\/2012-usa-westkueste\/2012-usa-west-uebersicht-reiseverlauf\/\">Reiseverlauf<\/a><\/td>\n<td style=\"text-align: center;\"><a title=\"2014 USA Florida \u2013 \u00dcbersicht \u00fcber den Reiseverlauf\" href=\"https:\/\/www.familie-papp.de\/reisen\/reiseberichte\/amerika\/2014-usa-florida\/2014-usa-florida-uebersicht-ueber-den-reiseverlauf\/\">Reiseverlauf<\/a><\/td>\n<\/tr>\n<tr>\n<td style=\"text-align: center;\" rowspan=\"2\"><a title=\"2011 USA Ost Bilder\" href=\"https:\/\/www.familie-papp.de\/reisen\/bildergalerie\/2011-usa-ost-bilder\/\">Bildergalerie<\/a><\/td>\n<td style=\"text-align: center;\" rowspan=\"2\"><a title=\"2012 USA West Bilder\" href=\"https:\/\/www.familie-papp.de\/reisen\/bildergalerie\/2012-usa-west-bilder\/\">Bildergalerie<\/a><\/td>\n<td style=\"text-align: center;\" rowspan=\"2\"><a title=\"2014 USA Florida Bilder\" href=\"https:\/\/www.familie-papp.de\/reisen\/bildergalerie\/2014-usa-florida-bilder\/\">Bildergalerie<\/a><\/td>\n<\/tr>\n<\/tbody>\n<\/table>\n<table dir=\"ltr\" frame=\"void\" rules=\"none\" border=\"0\" align=\"center\">\n<tbody>\n<tr>\n<td style=\"text-align: center;\" colspan=\"5\">\n<h3 style=\"text-align: left;\">Europa<\/h3>\n<\/td>\n<\/tr>\n<tr>\n<td style=\"text-align: center;\"><strong>2013 Barcelona<\/strong><\/td>\n<td style=\"text-align: center;\" rowspan=\"5\">&nbsp;<\/td>\n<td style=\"text-align: center;\"><strong>2013 Kusadasi<\/strong><\/td>\n<td style=\"text-align: center;\" rowspan=\"5\">&nbsp;<\/td>\n<td style=\"text-align: center;\"><strong>2013 Jersey<\/strong><\/td>\n<\/tr>\n<tr>\n<td><a href=\"https:\/\/www.familie-papp.de\/reisen\/reiseberichte\/europa\/2013-spanien-barcelona\/\"><img loading=\"lazy\" decoding=\"async\" class=\"aligncenter\" title=\"2013 Barcelona\" src=\"https:\/\/www.familie-papp.de\/reisen\/wp-content\/uploads\/2013\/05\/2013-Barcelona.jpg\" alt=\"2013 Barcelona\" width=\"150\" height=\"150\"><\/a><\/td>\n<td><a title=\"2013 Kusadasi \u2013 \u00dcbersicht \u00fcber den Reiseverlauf\" href=\"https:\/\/www.familie-papp.de\/reisen\/reiseberichte\/europa\/2013-tuerkei-kusadasi\/\"><img loading=\"lazy\" decoding=\"async\" class=\"aligncenter\" src=\"https:\/\/www.familie-papp.de\/reisen\/wp-content\/uploads\/ngg_featured\/img_0765-150x150.jpg\" alt=\"aligncenter\" width=\"150\" height=\"150\"><\/a><\/td>\n<td><a title=\"2013 Jersey \u2013 \u00dcbersicht \u00fcber den Reiseverlauf\" href=\"https:\/\/www.familie-papp.de\/reisen\/reiseberichte\/europa\/2013-uk-jersey\/\"><img loading=\"lazy\" decoding=\"async\" class=\"aligncenter\" src=\"https:\/\/www.familie-papp.de\/reisen\/wp-content\/uploads\/ngg_featured\/jersey-056-150x150.jpg\" alt=\"jersey-056\" width=\"150\" height=\"150\"><\/a><\/td>\n<\/tr>\n<tr>\n<td style=\"text-align: center;\"><a title=\"2013 Barcelona \u2013 \u00dcbersicht \u00fcber den Reiseverlauf\" href=\"https:\/\/www.familie-papp.de\/reisen\/reiseberichte\/europa\/2013-barcelona\/2013-barcelona-uebersicht-reiseverlauf\/\">Reiseverlauf<\/a><\/td>\n<td style=\"text-align: center;\"><a title=\"2013 Kusadasi \u2013 \u00dcbersicht \u00fcber den Reiseverlauf\" href=\"https:\/\/www.familie-papp.de\/reisen\/reiseberichte\/europa\/2013-kusadasi\/2013-kusadasi-uebersicht-ueber-den-reiseverlauf\/\">Reiseverlauf<\/a><\/td>\n<td style=\"text-align: center;\"><a title=\"2013 Jersey \u2013 \u00dcbersicht \u00fcber den Reiseverlauf\" href=\"https:\/\/www.familie-papp.de\/reisen\/reiseberichte\/europa\/2013-jersey\/2013-jersey-uebersicht-ueber-den-reiseverlauf\/\">Reiseverlauf<\/a><\/td>\n<\/tr>\n<tr>\n<td style=\"text-align: center;\" rowspan=\"2\"><a title=\"2013 Barcelona Bilder\" href=\"https:\/\/www.familie-papp.de\/reisen\/bildergalerie\/2013-barcelona-bilder\/\">Bildergalerie<\/a><\/td>\n<td style=\"text-align: center;\" rowspan=\"2\"><a title=\"2013 Kusadasi Bilder\" href=\"https:\/\/www.familie-papp.de\/reisen\/bildergalerie\/2013-kusadasi-bilder\/\">Bildergalerie<\/a><\/td>\n<td style=\"text-align: center;\" rowspan=\"2\"><a title=\"2013 Jersey Bilder\" href=\"https:\/\/www.familie-papp.de\/reisen\/bildergalerie\/2013-jersey-bilder\/\">Bildergalerie<\/a><\/td>\n<\/tr>\n<\/tbody>\n<\/table>\n<table dir=\"ltr\" frame=\"void\" rules=\"none\" border=\"0\" align=\"center\">\n<tbody>\n<tr>\n<td style=\"text-align: center; width: 399px;\"><strong>2014 Kleinwalsertal<\/strong><\/td>\n<td style=\"text-align: center; width: 31px;\" rowspan=\"5\">&nbsp;<\/td>\n<td style=\"text-align: center; width: 396px;\"><strong>2014 Paris<\/strong><\/td>\n<td style=\"text-align: center; width: 33.7333px;\" rowspan=\"5\">&nbsp;<\/td>\n<td style=\"text-align: center; width: 398.267px;\"><strong>2014 Rom<\/strong><\/td>\n<\/tr>\n<tr>\n<td style=\"width: 399px;\"><a title=\"2014 Kleinwalsertal \u2013 \u00dcbersicht \u00fcber den Reiseverlauf\" href=\"https:\/\/www.familie-papp.de\/reisen\/reiseberichte\/europa\/2014-oesterreich-kleinwalsertal\/\"><img loading=\"lazy\" decoding=\"async\" class=\"aligncenter\" src=\"https:\/\/www.familie-papp.de\/reisen\/wp-content\/uploads\/ngg_featured\/oesterreich-kleinwalsertal-005-150x150.jpg\" alt=\"oesterreich-kleinwalsertal-005\" width=\"150\" height=\"150\"><\/a><\/td>\n<td style=\"width: 396px;\"><a href=\"https:\/\/www.familie-papp.de\/reisen\/reiseberichte\/europa\/2014-frankreich-paris\/\"><img loading=\"lazy\" decoding=\"async\" class=\"aligncenter\" src=\"https:\/\/www.familie-papp.de\/reisen\/wp-content\/uploads\/2014\/05\/2014-Paris-Notre-Dame-150x150.jpg\" alt=\"\" width=\"150\" height=\"150\"><\/a><\/td>\n<td style=\"width: 398.267px;\"><a href=\"https:\/\/www.familie-papp.de\/reisen\/reiseberichte\/europa\/2014-italien-rom\/\"><img loading=\"lazy\" decoding=\"async\" class=\"aligncenter\" src=\"https:\/\/www.familie-papp.de\/reisen\/wp-content\/uploads\/2013\/05\/2014-Rom-110-e1423162817813-150x150.jpg\" alt=\"Koloseum in Rom\" width=\"150\" height=\"150\"><\/a><\/td>\n<\/tr>\n<tr>\n<td style=\"text-align: center; width: 399px;\"><a title=\"2014 Kleinwalsertal \u2013 \u00dcbersicht \u00fcber den Reiseverlauf\" href=\"https:\/\/www.familie-papp.de\/reisen\/reiseberichte\/europa\/2014-oesterreich-kleinwalsertal\/2014-kleinwalsertal-uebersicht-ueber-den-reiseverlauf\/\">Reiseverlauf<\/a><\/td>\n<td style=\"text-align: center; width: 396px;\"><a title=\"2014 Paris \u2013 Reiseverlauf\" href=\"https:\/\/www.familie-papp.de\/reisen\/reiseberichte\/europa\/2014-frankreich-paris\/2014-paris-reiseverlauf\/\">Reiseverlauf<\/a><\/td>\n<td style=\"text-align: center; width: 398.267px;\"><a title=\"2014 Rom \u2013 \u00dcbersicht \u00fcber den Reiseverlauf\" href=\"https:\/\/www.familie-papp.de\/reisen\/reiseberichte\/europa\/2014-rom-italien\/2014-rom-uebersicht-ueber-den-reiseverlauf\/\">Reiseverlauf<\/a><\/td>\n<\/tr>\n<tr>\n<td style=\"text-align: center; width: 399px;\" rowspan=\"2\"><a title=\"2014 \u00d6sterreich \u2013 Kleinwalsertal Bilder\" href=\"https:\/\/www.familie-papp.de\/reisen\/bildergalerie\/2014-kleinwalsertal-bilder\/\">Bildergalerie<\/a><\/td>\n<td style=\"text-align: center; width: 396px;\" rowspan=\"2\"><a title=\"2014 Frankreich \u2013 Paris Bilder\" href=\"https:\/\/www.familie-papp.de\/reisen\/bildergalerie\/2014-frankreich-paris-bilder\/\">Bildergalerie<\/a><\/td>\n<td style=\"text-align: center; width: 398.267px;\" rowspan=\"2\"><a title=\"2014 Rom Bilder\" href=\"https:\/\/www.familie-papp.de\/reisen\/bildergalerie\/2014-rom-bilder\/\">Bildergalerie<\/a><\/td>\n<\/tr>\n<\/tbody>\n<\/table>\n<table>\n<tbody>\n<tr>\n<td colspan=\"3\">\n<h3 style=\"text-align: left;\">Afrika<\/h3>\n<\/td>\n<\/tr>\n<tr>\n<td style=\"text-align: center;\" colspan=\"3\"><strong>2014 \u00c4gypten Hurghada<\/strong><\/td>\n<\/tr>\n<tr>\n<td style=\"text-align: center;\" colspan=\"3\"><a href=\"https:\/\/www.familie-papp.de\/reisen\/reiseberichte\/afrika\/2014-aegypten\/\"><img loading=\"lazy\" decoding=\"async\" class=\"aligncenter\" src=\"https:\/\/www.familie-papp.de\/reisen\/wp-content\/uploads\/2013\/05\/2014-aegypten-beitragsbild-150x150.jpg\" alt=\"2014-aegypten-beitragsbild\" width=\"150\" height=\"150\"><\/a><\/td>\n<\/tr>\n<tr>\n<td style=\"text-align: center;\" colspan=\"3\"><a title=\"2014 \u00c4gypten \u2013 Reiseverlauf\" href=\"https:\/\/www.familie-papp.de\/reisen\/reiseberichte\/afrika\/2014-aegypten\/2014-aegypten-reiseverlauf\/\">Reiseverlauf<\/a><\/td>\n<\/tr>\n<tr>\n<td style=\"text-align: center;\" colspan=\"3\"><a title=\"2014 \u00c4gypten Bilder\" href=\"https:\/\/www.familie-papp.de\/reisen\/bildergalerie\/2014-aegypten-bilder\/\">Bildergalerie<\/a><\/td>\n<\/tr>\n<\/tbody>\n<\/table>\n<h3>Besuchte Orte auf der Weltkarte<\/h3>\n<p><a href=\"https:\/\/www.familie-papp.de\/reisen\/weltkarte\/\"><img loading=\"lazy\" decoding=\"async\" class=\"aligncenter\" src=\"https:\/\/www.familie-papp.de\/reisen\/wp-content\/uploads\/2020\/08\/Weltkarte_besuchter_Orte.png\" alt=\"\" width=\"594\" height=\"278\"><\/a><\/p>\n","protected":false},"excerpt":{"rendered":"<p>Auf dieser Webseite findest du pers\u00f6nliche Reiseberichte unserer Afrika,&nbsp;Amerika und Europa Reisen. Schreib uns Deine Meinung und Erfahrungen. Amerika 2011 USA Ostk\u00fcste &nbsp; 2012 USA Westk\u00fcste &nbsp; 2014 USA Florida Reiseverlauf Reiseverlauf Reiseverlauf Bildergalerie Bildergalerie Bildergalerie Europa 2013 Barcelona &nbsp; <a class=\"more-link\" href=\"https:\/\/www.familie-papp.de\/reisen\/\"><span class=\"screen-reader-text\">  Startseite<\/span> weiterlesen<span class=\"meta-nav\">&rarr;<\/span><\/a><\/p>\n","protected":false},"author":6,"featured_media":458,"parent":0,"menu_order":0,"comment_status":"closed","ping_status":"closed","template":"","meta":{"ngg_post_thumbnail":0,"footnotes":""},"class_list":["post-320","page","type-page","status-publish","has-post-thumbnail","hentry"],"yoast_head":"<!-- This site is optimized with the Yoast SEO plugin v27.5 - https:\/\/yoast.com\/product\/yoast-seo-wordpress\/ -->\n<title>Familie Papp - Reiseberichte \u00fcber Afrika, Amerika und Europa<\/title>\n<meta name=\"description\" content=\"Hier findest du pers\u00f6nliche Reiseberichte unserer Reisen. Wir haben eine Bildergalerie und \u00dcbersichtskarten der besuchten Afrika, Amerika, Europa Reisen.\" \/>\n<meta name=\"robots\" content=\"index, follow, max-snippet:-1, max-image-preview:large, max-video-preview:-1\" \/>\n<link rel=\"canonical\" href=\"https:\/\/www.familie-papp.de\/reisen\/\" \/>\n<meta property=\"og:locale\" content=\"de_DE\" \/>\n<meta property=\"og:type\" content=\"article\" \/>\n<meta property=\"og:title\" content=\"Familie Papp - Reiseberichte \u00fcber Afrika, Amerika und Europa\" \/>\n<meta property=\"og:description\" content=\"Hier findest du pers\u00f6nliche Reiseberichte unserer Reisen. Wir haben eine Bildergalerie und \u00dcbersichtskarten der besuchten Afrika, Amerika, Europa Reisen.\" \/>\n<meta property=\"og:url\" content=\"https:\/\/www.familie-papp.de\/reisen\/\" \/>\n<meta property=\"og:site_name\" content=\"Reiseberichte\" \/>\n<meta property=\"article:modified_time\" content=\"2022-03-02T18:00:20+00:00\" \/>\n<meta property=\"og:image\" content=\"https:\/\/www.familie-papp.de\/reisen\/wp-content\/uploads\/2013\/05\/welt.png\" \/>\n\t<meta property=\"og:image:width\" content=\"128\" \/>\n\t<meta property=\"og:image:height\" content=\"128\" \/>\n\t<meta property=\"og:image:type\" content=\"image\/png\" \/>\n<meta name=\"twitter:card\" content=\"summary_large_image\" \/>\n<meta name=\"twitter:site\" content=\"@chris_papp_de\" \/>\n<meta name=\"twitter:label1\" content=\"Gesch\u00e4tzte Lesezeit\" \/>\n\t<meta name=\"twitter:data1\" content=\"3\u00a0Minuten\" \/>\n<script type=\"application\/ld+json\" class=\"yoast-schema-graph\">{\"@context\":\"https:\\\/\\\/schema.org\",\"@graph\":[{\"@type\":\"WebPage\",\"@id\":\"https:\\\/\\\/www.familie-papp.de\\\/reisen\\\/\",\"url\":\"https:\\\/\\\/www.familie-papp.de\\\/reisen\\\/\",\"name\":\"Familie Papp - Reiseberichte \u00fcber Afrika, Amerika und Europa\",\"isPartOf\":{\"@id\":\"https:\\\/\\\/www.familie-papp.de\\\/reisen\\\/#website\"},\"primaryImageOfPage\":{\"@id\":\"https:\\\/\\\/www.familie-papp.de\\\/reisen\\\/#primaryimage\"},\"image\":{\"@id\":\"https:\\\/\\\/www.familie-papp.de\\\/reisen\\\/#primaryimage\"},\"thumbnailUrl\":\"https:\\\/\\\/www.familie-papp.de\\\/reisen\\\/wp-content\\\/uploads\\\/2013\\\/05\\\/welt.png\",\"datePublished\":\"2013-05-19T19:13:44+00:00\",\"dateModified\":\"2022-03-02T18:00:20+00:00\",\"description\":\"Hier findest du pers\u00f6nliche Reiseberichte unserer Reisen. Wir haben eine Bildergalerie und \u00dcbersichtskarten der besuchten Afrika, Amerika, Europa Reisen.\",\"breadcrumb\":{\"@id\":\"https:\\\/\\\/www.familie-papp.de\\\/reisen\\\/#breadcrumb\"},\"inLanguage\":\"de\",\"potentialAction\":[{\"@type\":\"ReadAction\",\"target\":[\"https:\\\/\\\/www.familie-papp.de\\\/reisen\\\/\"]}]},{\"@type\":\"ImageObject\",\"inLanguage\":\"de\",\"@id\":\"https:\\\/\\\/www.familie-papp.de\\\/reisen\\\/#primaryimage\",\"url\":\"https:\\\/\\\/www.familie-papp.de\\\/reisen\\\/wp-content\\\/uploads\\\/2013\\\/05\\\/welt.png\",\"contentUrl\":\"https:\\\/\\\/www.familie-papp.de\\\/reisen\\\/wp-content\\\/uploads\\\/2013\\\/05\\\/welt.png\",\"width\":128,\"height\":128},{\"@type\":\"BreadcrumbList\",\"@id\":\"https:\\\/\\\/www.familie-papp.de\\\/reisen\\\/#breadcrumb\",\"itemListElement\":[{\"@type\":\"ListItem\",\"position\":1,\"name\":\"Home\",\"item\":\"https:\\\/\\\/www.familie-papp.de\\\/reisen\\\/\"},{\"@type\":\"ListItem\",\"position\":2,\"name\":\"Startseite\"}]},{\"@type\":\"WebSite\",\"@id\":\"https:\\\/\\\/www.familie-papp.de\\\/reisen\\\/#website\",\"url\":\"https:\\\/\\\/www.familie-papp.de\\\/reisen\\\/\",\"name\":\"Reiseberichte\",\"description\":\"In der Welt zu Hause\",\"potentialAction\":[{\"@type\":\"SearchAction\",\"target\":{\"@type\":\"EntryPoint\",\"urlTemplate\":\"https:\\\/\\\/www.familie-papp.de\\\/reisen\\\/?s={search_term_string}\"},\"query-input\":{\"@type\":\"PropertyValueSpecification\",\"valueRequired\":true,\"valueName\":\"search_term_string\"}}],\"inLanguage\":\"de\"}]}<\/script>\n<!-- \/ Yoast SEO plugin. -->","yoast_head_json":{"title":"Familie Papp - Reiseberichte \u00fcber Afrika, Amerika und Europa","description":"Hier findest du pers\u00f6nliche Reiseberichte unserer Reisen. Wir haben eine Bildergalerie und \u00dcbersichtskarten der besuchten Afrika, Amerika, Europa Reisen.","robots":{"index":"index","follow":"follow","max-snippet":"max-snippet:-1","max-image-preview":"max-image-preview:large","max-video-preview":"max-video-preview:-1"},"canonical":"https:\/\/www.familie-papp.de\/reisen\/","og_locale":"de_DE","og_type":"article","og_title":"Familie Papp - Reiseberichte \u00fcber Afrika, Amerika und Europa","og_description":"Hier findest du pers\u00f6nliche Reiseberichte unserer Reisen. Wir haben eine Bildergalerie und \u00dcbersichtskarten der besuchten Afrika, Amerika, Europa Reisen.","og_url":"https:\/\/www.familie-papp.de\/reisen\/","og_site_name":"Reiseberichte","article_modified_time":"2022-03-02T18:00:20+00:00","og_image":[{"width":128,"height":128,"url":"https:\/\/www.familie-papp.de\/reisen\/wp-content\/uploads\/2013\/05\/welt.png","type":"image\/png"}],"twitter_card":"summary_large_image","twitter_site":"@chris_papp_de","twitter_misc":{"Gesch\u00e4tzte Lesezeit":"3\u00a0Minuten"},"schema":{"@context":"https:\/\/schema.org","@graph":[{"@type":"WebPage","@id":"https:\/\/www.familie-papp.de\/reisen\/","url":"https:\/\/www.familie-papp.de\/reisen\/","name":"Familie Papp - Reiseberichte \u00fcber Afrika, Amerika und Europa","isPartOf":{"@id":"https:\/\/www.familie-papp.de\/reisen\/#website"},"primaryImageOfPage":{"@id":"https:\/\/www.familie-papp.de\/reisen\/#primaryimage"},"image":{"@id":"https:\/\/www.familie-papp.de\/reisen\/#primaryimage"},"thumbnailUrl":"https:\/\/www.familie-papp.de\/reisen\/wp-content\/uploads\/2013\/05\/welt.png","datePublished":"2013-05-19T19:13:44+00:00","dateModified":"2022-03-02T18:00:20+00:00","description":"Hier findest du pers\u00f6nliche Reiseberichte unserer Reisen. Wir haben eine Bildergalerie und \u00dcbersichtskarten der besuchten Afrika, Amerika, Europa Reisen.","breadcrumb":{"@id":"https:\/\/www.familie-papp.de\/reisen\/#breadcrumb"},"inLanguage":"de","potentialAction":[{"@type":"ReadAction","target":["https:\/\/www.familie-papp.de\/reisen\/"]}]},{"@type":"ImageObject","inLanguage":"de","@id":"https:\/\/www.familie-papp.de\/reisen\/#primaryimage","url":"https:\/\/www.familie-papp.de\/reisen\/wp-content\/uploads\/2013\/05\/welt.png","contentUrl":"https:\/\/www.familie-papp.de\/reisen\/wp-content\/uploads\/2013\/05\/welt.png","width":128,"height":128},{"@type":"BreadcrumbList","@id":"https:\/\/www.familie-papp.de\/reisen\/#breadcrumb","itemListElement":[{"@type":"ListItem","position":1,"name":"Home","item":"https:\/\/www.familie-papp.de\/reisen\/"},{"@type":"ListItem","position":2,"name":"Startseite"}]},{"@type":"WebSite","@id":"https:\/\/www.familie-papp.de\/reisen\/#website","url":"https:\/\/www.familie-papp.de\/reisen\/","name":"Reiseberichte","description":"In der Welt zu Hause","potentialAction":[{"@type":"SearchAction","target":{"@type":"EntryPoint","urlTemplate":"https:\/\/www.familie-papp.de\/reisen\/?s={search_term_string}"},"query-input":{"@type":"PropertyValueSpecification","valueRequired":true,"valueName":"search_term_string"}}],"inLanguage":"de"}]}},"_links":{"self":[{"href":"https:\/\/www.familie-papp.de\/reisen\/wp-json\/wp\/v2\/pages\/320","targetHints":{"allow":["GET"]}}],"collection":[{"href":"https:\/\/www.familie-papp.de\/reisen\/wp-json\/wp\/v2\/pages"}],"about":[{"href":"https:\/\/www.familie-papp.de\/reisen\/wp-json\/wp\/v2\/types\/page"}],"author":[{"embeddable":true,"href":"https:\/\/www.familie-papp.de\/reisen\/wp-json\/wp\/v2\/users\/6"}],"replies":[{"embeddable":true,"href":"https:\/\/www.familie-papp.de\/reisen\/wp-json\/wp\/v2\/comments?post=320"}],"version-history":[{"count":10,"href":"https:\/\/www.familie-papp.de\/reisen\/wp-json\/wp\/v2\/pages\/320\/revisions"}],"predecessor-version":[{"id":2488,"href":"https:\/\/www.familie-papp.de\/reisen\/wp-json\/wp\/v2\/pages\/320\/revisions\/2488"}],"wp:featuredmedia":[{"embeddable":true,"href":"https:\/\/www.familie-papp.de\/reisen\/wp-json\/wp\/v2\/media\/458"}],"wp:attachment":[{"href":"https:\/\/www.familie-papp.de\/reisen\/wp-json\/wp\/v2\/media?parent=320"}],"curies":[{"name":"wp","href":"https:\/\/api.w.org\/{rel}","templated":true}]}}