{"id":561,"date":"2013-05-23T20:53:20","date_gmt":"2013-05-23T18:53:20","guid":{"rendered":"https:\/\/www.familie-papp.de\/reisen\/2013-barcelona-4\/"},"modified":"2013-05-31T07:49:13","modified_gmt":"2013-05-31T05:49:13","slug":"2013-barcelona-4","status":"publish","type":"page","link":"https:\/\/www.familie-papp.de\/reisen\/bildergalerie\/2013-barcelona-bilder\/2013-barcelona-4\/","title":{"rendered":"2013 Barcelona Bilder &#8211; 4. Park G\u00fcell, Berg Tibidabo"},"content":{"rendered":"<table border=\"0\" align=\"center\">\n<tbody>\n<tr>\n<td style=\"text-align: left;\"><a title=\"2013 Barcelona Bilder \u2013 3. Parc de la Ciutadella, Catedral, Arc de Triomf\" href=\"https:\/\/www.familie-papp.de\/reisen\/bildergalerie\/2013-barcelona-bilder\/2013-barcelona-3\/\">\u2039 Zur\u00fcck<\/a><\/td>\n<td style=\"text-align: center;\"><a title=\"2013 Barcelona Bilder\" href=\"https:\/\/www.familie-papp.de\/reisen\/bildergalerie\/2013-barcelona-bilder\/\">Alle Bilder<\/a><\/td>\n<td style=\"text-align: right;\"><\/td>\n<\/tr>\n<\/tbody>\n<\/table>\nngg_shortcode_0_placeholder\n<p>&nbsp;<\/p>\n<p><a title=\"4. Park G\u00fcell und Berg Tibidabo\" href=\"https:\/\/www.familie-papp.de\/reisen\/reiseberichte\/europa\/2013-barcelona\/4-park-guell-und-berg-tibidabo\/\">Reisebericht lesen\u00a0\u203a<\/a><\/p>\n<table border=\"0\" align=\"center\">\n<tbody>\n<tr>\n<td style=\"text-align: left;\"><a title=\"2013 Barcelona Bilder \u2013 3. Parc de la Ciutadella, Catedral, Arc de Triomf\" href=\"https:\/\/www.familie-papp.de\/reisen\/bildergalerie\/2013-barcelona-bilder\/2013-barcelona-3\/\">\u2039 Zur\u00fcck<\/a><\/td>\n<td style=\"text-align: center;\"><a title=\"2013 Barcelona Bilder\" href=\"https:\/\/www.familie-papp.de\/reisen\/bildergalerie\/2013-barcelona-bilder\/\">Alle Bilder<\/a><\/td>\n<td style=\"text-align: right;\"><\/td>\n<\/tr>\n<\/tbody>\n<\/table>\n","protected":false},"excerpt":{"rendered":"<p>\u2039 Zur\u00fcck Alle Bilder &nbsp; Reisebericht lesen\u00a0\u203a \u2039 Zur\u00fcck Alle Bilder<\/p>\n","protected":false},"author":1,"featured_media":0,"parent":555,"menu_order":0,"comment_status":"open","ping_status":"closed","template":"","meta":{"ngg_post_thumbnail":0,"footnotes":""},"class_list":["post-561","page","type-page","status-publish","hentry"],"yoast_head":"<!-- This site is optimized with the Yoast SEO plugin v27.6 - https:\/\/yoast.com\/product\/yoast-seo-wordpress\/ -->\n<title>2013 Barcelona Bilder - 4. Park G\u00fcell, Berg Tibidabo - Reiseberichte<\/title>\n<meta name=\"description\" content=\"Bilder von unserer Reise nach Barcelona 2013. Der Park G\u00fcell und der Berg Tibidabo waren die Sehensw\u00fcrdigkeiten dieser Bildergalerie.\" \/>\n<meta name=\"robots\" content=\"index, follow, max-snippet:-1, max-image-preview:large, max-video-preview:-1\" \/>\n<link rel=\"canonical\" href=\"https:\/\/www.familie-papp.de\/reisen\/bildergalerie\/2013-barcelona-bilder\/2013-barcelona-4\/\" \/>\n<meta property=\"og:locale\" content=\"de_DE\" \/>\n<meta property=\"og:type\" content=\"article\" \/>\n<meta property=\"og:title\" content=\"2013 Barcelona Bilder - 4. Park G\u00fcell, Berg Tibidabo - Reiseberichte\" \/>\n<meta property=\"og:description\" content=\"Bilder von unserer Reise nach Barcelona 2013. Der Park G\u00fcell und der Berg Tibidabo waren die Sehensw\u00fcrdigkeiten dieser Bildergalerie.\" \/>\n<meta property=\"og:url\" content=\"https:\/\/www.familie-papp.de\/reisen\/bildergalerie\/2013-barcelona-bilder\/2013-barcelona-4\/\" \/>\n<meta property=\"og:site_name\" content=\"Reiseberichte\" \/>\n<meta property=\"article:modified_time\" content=\"2013-05-31T05:49:13+00:00\" \/>\n<meta name=\"twitter:card\" content=\"summary_large_image\" \/>\n<meta name=\"twitter:site\" content=\"@chris_papp_de\" \/>\n<script type=\"application\/ld+json\" class=\"yoast-schema-graph\">{\"@context\":\"https:\\\/\\\/schema.org\",\"@graph\":[{\"@type\":\"WebPage\",\"@id\":\"https:\\\/\\\/www.familie-papp.de\\\/reisen\\\/bildergalerie\\\/2013-barcelona-bilder\\\/2013-barcelona-4\\\/\",\"url\":\"https:\\\/\\\/www.familie-papp.de\\\/reisen\\\/bildergalerie\\\/2013-barcelona-bilder\\\/2013-barcelona-4\\\/\",\"name\":\"2013 Barcelona Bilder - 4. Park G\u00fcell, Berg Tibidabo - Reiseberichte\",\"isPartOf\":{\"@id\":\"https:\\\/\\\/www.familie-papp.de\\\/reisen\\\/#website\"},\"datePublished\":\"2013-05-23T18:53:20+00:00\",\"dateModified\":\"2013-05-31T05:49:13+00:00\",\"description\":\"Bilder von unserer Reise nach Barcelona 2013. Der Park G\u00fcell und der Berg Tibidabo waren die Sehensw\u00fcrdigkeiten dieser Bildergalerie.\",\"breadcrumb\":{\"@id\":\"https:\\\/\\\/www.familie-papp.de\\\/reisen\\\/bildergalerie\\\/2013-barcelona-bilder\\\/2013-barcelona-4\\\/#breadcrumb\"},\"inLanguage\":\"de\",\"potentialAction\":[{\"@type\":\"ReadAction\",\"target\":[\"https:\\\/\\\/www.familie-papp.de\\\/reisen\\\/bildergalerie\\\/2013-barcelona-bilder\\\/2013-barcelona-4\\\/\"]}]},{\"@type\":\"BreadcrumbList\",\"@id\":\"https:\\\/\\\/www.familie-papp.de\\\/reisen\\\/bildergalerie\\\/2013-barcelona-bilder\\\/2013-barcelona-4\\\/#breadcrumb\",\"itemListElement\":[{\"@type\":\"ListItem\",\"position\":1,\"name\":\"Home\",\"item\":\"https:\\\/\\\/www.familie-papp.de\\\/reisen\\\/\"},{\"@type\":\"ListItem\",\"position\":2,\"name\":\"Bildergalerie\",\"item\":\"https:\\\/\\\/www.familie-papp.de\\\/reisen\\\/bildergalerie\\\/\"},{\"@type\":\"ListItem\",\"position\":3,\"name\":\"2013 Spanien &#8211; Barcelona Bilder\",\"item\":\"https:\\\/\\\/www.familie-papp.de\\\/reisen\\\/bildergalerie\\\/2013-barcelona-bilder\\\/\"},{\"@type\":\"ListItem\",\"position\":4,\"name\":\"2013 Barcelona Bilder &#8211; 4. Park G\u00fcell, Berg Tibidabo\"}]},{\"@type\":\"WebSite\",\"@id\":\"https:\\\/\\\/www.familie-papp.de\\\/reisen\\\/#website\",\"url\":\"https:\\\/\\\/www.familie-papp.de\\\/reisen\\\/\",\"name\":\"Reiseberichte\",\"description\":\"In der Welt zu Hause\",\"potentialAction\":[{\"@type\":\"SearchAction\",\"target\":{\"@type\":\"EntryPoint\",\"urlTemplate\":\"https:\\\/\\\/www.familie-papp.de\\\/reisen\\\/?s={search_term_string}\"},\"query-input\":{\"@type\":\"PropertyValueSpecification\",\"valueRequired\":true,\"valueName\":\"search_term_string\"}}],\"inLanguage\":\"de\"}]}<\/script>\n<!-- \/ Yoast SEO plugin. -->","yoast_head_json":{"title":"2013 Barcelona Bilder - 4. Park G\u00fcell, Berg Tibidabo - Reiseberichte","description":"Bilder von unserer Reise nach Barcelona 2013. Der Park G\u00fcell und der Berg Tibidabo waren die Sehensw\u00fcrdigkeiten dieser Bildergalerie.","robots":{"index":"index","follow":"follow","max-snippet":"max-snippet:-1","max-image-preview":"max-image-preview:large","max-video-preview":"max-video-preview:-1"},"canonical":"https:\/\/www.familie-papp.de\/reisen\/bildergalerie\/2013-barcelona-bilder\/2013-barcelona-4\/","og_locale":"de_DE","og_type":"article","og_title":"2013 Barcelona Bilder - 4. Park G\u00fcell, Berg Tibidabo - Reiseberichte","og_description":"Bilder von unserer Reise nach Barcelona 2013. Der Park G\u00fcell und der Berg Tibidabo waren die Sehensw\u00fcrdigkeiten dieser Bildergalerie.","og_url":"https:\/\/www.familie-papp.de\/reisen\/bildergalerie\/2013-barcelona-bilder\/2013-barcelona-4\/","og_site_name":"Reiseberichte","article_modified_time":"2013-05-31T05:49:13+00:00","twitter_card":"summary_large_image","twitter_site":"@chris_papp_de","schema":{"@context":"https:\/\/schema.org","@graph":[{"@type":"WebPage","@id":"https:\/\/www.familie-papp.de\/reisen\/bildergalerie\/2013-barcelona-bilder\/2013-barcelona-4\/","url":"https:\/\/www.familie-papp.de\/reisen\/bildergalerie\/2013-barcelona-bilder\/2013-barcelona-4\/","name":"2013 Barcelona Bilder - 4. Park G\u00fcell, Berg Tibidabo - Reiseberichte","isPartOf":{"@id":"https:\/\/www.familie-papp.de\/reisen\/#website"},"datePublished":"2013-05-23T18:53:20+00:00","dateModified":"2013-05-31T05:49:13+00:00","description":"Bilder von unserer Reise nach Barcelona 2013. Der Park G\u00fcell und der Berg Tibidabo waren die Sehensw\u00fcrdigkeiten dieser Bildergalerie.","breadcrumb":{"@id":"https:\/\/www.familie-papp.de\/reisen\/bildergalerie\/2013-barcelona-bilder\/2013-barcelona-4\/#breadcrumb"},"inLanguage":"de","potentialAction":[{"@type":"ReadAction","target":["https:\/\/www.familie-papp.de\/reisen\/bildergalerie\/2013-barcelona-bilder\/2013-barcelona-4\/"]}]},{"@type":"BreadcrumbList","@id":"https:\/\/www.familie-papp.de\/reisen\/bildergalerie\/2013-barcelona-bilder\/2013-barcelona-4\/#breadcrumb","itemListElement":[{"@type":"ListItem","position":1,"name":"Home","item":"https:\/\/www.familie-papp.de\/reisen\/"},{"@type":"ListItem","position":2,"name":"Bildergalerie","item":"https:\/\/www.familie-papp.de\/reisen\/bildergalerie\/"},{"@type":"ListItem","position":3,"name":"2013 Spanien &#8211; Barcelona Bilder","item":"https:\/\/www.familie-papp.de\/reisen\/bildergalerie\/2013-barcelona-bilder\/"},{"@type":"ListItem","position":4,"name":"2013 Barcelona Bilder &#8211; 4. Park G\u00fcell, Berg Tibidabo"}]},{"@type":"WebSite","@id":"https:\/\/www.familie-papp.de\/reisen\/#website","url":"https:\/\/www.familie-papp.de\/reisen\/","name":"Reiseberichte","description":"In der Welt zu Hause","potentialAction":[{"@type":"SearchAction","target":{"@type":"EntryPoint","urlTemplate":"https:\/\/www.familie-papp.de\/reisen\/?s={search_term_string}"},"query-input":{"@type":"PropertyValueSpecification","valueRequired":true,"valueName":"search_term_string"}}],"inLanguage":"de"}]}},"_links":{"self":[{"href":"https:\/\/www.familie-papp.de\/reisen\/wp-json\/wp\/v2\/pages\/561","targetHints":{"allow":["GET"]}}],"collection":[{"href":"https:\/\/www.familie-papp.de\/reisen\/wp-json\/wp\/v2\/pages"}],"about":[{"href":"https:\/\/www.familie-papp.de\/reisen\/wp-json\/wp\/v2\/types\/page"}],"author":[{"embeddable":true,"href":"https:\/\/www.familie-papp.de\/reisen\/wp-json\/wp\/v2\/users\/1"}],"replies":[{"embeddable":true,"href":"https:\/\/www.familie-papp.de\/reisen\/wp-json\/wp\/v2\/comments?post=561"}],"version-history":[{"count":5,"href":"https:\/\/www.familie-papp.de\/reisen\/wp-json\/wp\/v2\/pages\/561\/revisions"}],"predecessor-version":[{"id":789,"href":"https:\/\/www.familie-papp.de\/reisen\/wp-json\/wp\/v2\/pages\/561\/revisions\/789"}],"up":[{"embeddable":true,"href":"https:\/\/www.familie-papp.de\/reisen\/wp-json\/wp\/v2\/pages\/555"}],"wp:attachment":[{"href":"https:\/\/www.familie-papp.de\/reisen\/wp-json\/wp\/v2\/media?parent=561"}],"curies":[{"name":"wp","href":"https:\/\/api.w.org\/{rel}","templated":true}]}}